{"id":1049,"date":"2015-01-23T15:41:07","date_gmt":"2015-01-23T15:41:07","guid":{"rendered":"http:\/\/hb-themes.com\/themes\/highend\/presentation\/?page_id=1049"},"modified":"2024-05-27T03:51:19","modified_gmt":"2024-05-27T03:51:19","slug":"about-us","status":"publish","type":"page","link":"https:\/\/upliftingwomenbymga.com\/es\/about-us\/","title":{"rendered":"Nuestro Equipo"},"content":{"rendered":"<div class=\"wpb-content-wrapper\"><div data-vc-full-width=\"true\" data-vc-full-width-init=\"false\" class=\"vc_row element-row row vc_custom_1422898772347 highend_vc_custom_1422898772347\"><div class=\"fw-content-wrap\"><div class=\"vc_row\"><div class=\"wpb_column vc_column_container vc_col-sm-12\"><div class=\"vc_column-inner vc_custom_1422898397060\"><div class=\"wpb_wrapper\"><h2 style=\"font-size: 20px;color: #222222;line-height: 32px;text-align: center;font-family:Raleway;font-weight:900;font-style:normal\" class=\"vc_custom_heading letter-spacing-2\" >NUESTRO EQUIPO<\/h2><div class=\"shortcode-wrapper shortcode-spacer clearfix\"><div class=\"spacer\" style=\"height:50px;\"><\/div><\/div><div class=\"hb-crsl-wrapper clearfix shortcode-wrapper shortcode-team-carousel  hb-animate-element hb-fade-in\"><div id=\"carousel-nav-8265\" class=\"crsl-nav\"><a href=\"#\" class=\"previous\"><i class=\"icon-angle-left\"><\/i><\/a><a href=\"#\" class=\"next\"><i class=\"icon-angle-right\"><\/i><\/a><\/div><div class=\"crsl-items init-team-carousel\" id=\"carousel-8265\" data-visible=\"3\" data-speed=\"5000\" data-auto-rotate=\"false\" data-navigation=\"carousel-nav-8265\"><div class=\"crsl-wrap\"><figure class=\"crsl-item\">\n\t\t<div class=\"team-member-box tmb-2\">\n\t\t\t\t\t\t\t\t\t\n\t\t\t<div class=\"team-member-img\">\n\n\t\t\t\t<img data-recalc-dims=\"1\" height=\"350\" width=\"350\" decoding=\"async\" src=\"https:\/\/i0.wp.com\/upliftingwomenbymga.com\/wp-content\/uploads\/2015\/02\/MGA_Melissa-350x350.jpg?resize=350%2C350&#038;ssl=1\" alt=\"Melissa Ponce\"\/>\n\t\t\t\t\t\t\t\t\t\t<ul class=\"social-icons dark\">\n\t\t\t\t\t\n\t\t\t\t\t\t\n\t\t\t\t\t\t\t\n\t\t\t\t\t\t\t\n\t\t\t\t\t\t\t\n\t\t\t\t\t\t\t\n\t\t\t\t\t\t\t\n\t\t\t\t\t\t\t\n\t\t\t\t\t\t\t\n\t\t\t\t\t\t\t\n\t\t\t\t\t\t\t\n\t\t\t\t\t\t\t\n\t\t\t\t\t\t\t<li class=\"linkedin\">\n\n\t\t\t\t\t\t\t\t\t\t\t\t\t\t\t\t\t<a href=\"https:\/\/www.linkedin.com\/in\/melissa-ponce-86ba15b8\/\" target=\"_blank\">\n\t\t\t\t\t\t\t\t\t\t<i class=\"hb-moon-linkedin\"><\/i>\n\t\t\t\t\t\t\t\t\t\t<i class=\"hb-moon-linkedin\"><\/i>\n\t\t\t\t\t\t\t\t\t<\/a>\n\t\t\t\t\t\t\t\t\n\t\t\t\t\t\t\t<\/li>\n\n\t\t\t\t\t\t\n\t\t\t\t\t\t\t\n\t\t\t\t\t\t\t\n\t\t\t\t\t\t\t\n\t\t\t\t\t\t\t\n\t\t\t\t\t\t\t\n\t\t\t\t\t\t\t\n\t\t\t\t\t\t\t\n\t\t\t\t\t\t\t\n\t\t\t\t\t\t\t\n\t\t\t\t\t\t\t\n\t\t\t\t\t\t\t\n\t\t\t\t\t\t\t\n\t\t\t\t\t\t\t\n\t\t\t\t\t\t\t\n\t\t\t\t\t\t\t\n\t\t\t\t\t\t\t\n\t\t\t\t\t\t\t\n\t\t\t\t\t\t\t\n\t\t\t\t\t\t\t\n\t\t\t\t\t\t\t\n\t\t\t\t\t\t\t\n\t\t\t\t\t\t\t\n\t\t\t\t\t\t\t\n\t\t\t\t\t\t\t\t\t\t\t\t<\/ul>\n\t\t\t\t\t\n\t\t\t\t\t\t\t<\/div><!-- END .team-member-img -->\n\t\t\t\t\t\t\t\t\t\t\n\t\t\t<div class=\"team-member-description\">\n\n\t\t\t\t<div class=\"team-header-info clearfix\">\n\n\t\t\t\t\t<div class=\"team-name\">\n\t\t\t\t\t\t<h4 class=\"team-member-name\"><a href=\"https:\/\/upliftingwomenbymga.com\/es\/https:\/upliftingwomenbymga.com\/team\/ann-taylor\/\">Melissa Ponce<\/a><\/h4>\n\n\t\t\t\t\t\t\t\t\t\t\t\t\t<p class=\"team-position\">Dise\u00f1o + Estrategia<\/p>\n\t\t\t\t\t\t\t\t\t\t\t<\/div><!-- END .team-name -->\n\t\t\t\t\t\t\t\t\t\t\t\t\n\t\t\t\t\t\t\t\t\t\t\t\t\n\t\t\t\t<\/div><!-- END .team-header-info -->\n\n\t\t\t\t\n\t\t\t\t\t<div class=\"spacer\" style=\"height:10px;\"><\/div>\n\t\t\t\t\t<div class=\"team-member-content\">\n\t\t\t\t\t\t<div class=\"spacer\" style=\"height:15px;\"><\/div><p class=\"nbm\">Melissa obtuvo su Licenciatura en Arquitectura en Rhode Island School of Design con una especializaci\u00f3n en Sostenibilidad y su maestr\u00eda en Desarrollo Inmobiliario en Harvard Graduate School of Design. Fue miembro del centro de innovaci\u00f3n de RISD que ten\u00eda como objetivo utilizar el dise\u00f1o estrat\u00e9gico, la innovaci\u00f3n y el emprendimiento para abordar problem\u00e1ticas sociales. Aunque la mayor parte de su trabajo se ha centrado en proyectos de desarrollo inmobiliario sostenibles y con conciencia social, le apasiona brindar a las mujeres las herramientas y la infraestructura que necesitan para convertirse en agentes activos del cambio social y econ\u00f3mico en sus comunidades. Est\u00e1 convencida de que el dise\u00f1o centrado en el ser humano podr\u00edan servir como una herramienta poderosa para crear comunidades globales de pr\u00e1ctica alrededor del empoderamiento de las mujeres.<\/p>\t\t\t\t\t<\/div><!-- END .team-member-content -->\n\t\t\t\t\n\t\t\t\t<a class=\"simple-read-more\" href=\"https:\/\/upliftingwomenbymga.com\/es\/https:\/upliftingwomenbymga.com\/team\/ann-taylor\/\" target=\"_self\">View Profile<\/a>\n\t\t\t<\/div><!-- END .team-member-description -->\t\n\n\t\t<\/div><!-- END .team-member-box -->\n\n\t\t<\/figure><figure class=\"crsl-item\">\n\t\t<div class=\"team-member-box tmb-2\">\n\t\t\t\t\t\t\t\t\t\n\t\t\t<div class=\"team-member-img\">\n\n\t\t\t\t<img data-recalc-dims=\"1\" height=\"350\" width=\"350\" decoding=\"async\" src=\"https:\/\/i0.wp.com\/upliftingwomenbymga.com\/wp-content\/uploads\/2015\/02\/IMG_2281-scaled-350x350.jpg?resize=350%2C350&#038;ssl=1\" alt=\"Maria Gabriela Arguello\"\/>\n\t\t\t\t\t\t\t\t\t\t<ul class=\"social-icons dark\">\n\t\t\t\t\t\n\t\t\t\t\t\t\n\t\t\t\t\t\t\t\n\t\t\t\t\t\t\t\n\t\t\t\t\t\t\t\n\t\t\t\t\t\t\t\n\t\t\t\t\t\t\t\n\t\t\t\t\t\t\t\n\t\t\t\t\t\t\t\n\t\t\t\t\t\t\t\n\t\t\t\t\t\t\t\n\t\t\t\t\t\t\t\n\t\t\t\t\t\t\t<li class=\"linkedin\">\n\n\t\t\t\t\t\t\t\t\t\t\t\t\t\t\t\t\t<a href=\"https:\/\/www.linkedin.com\/in\/maria-gabriela-arguello-78b65521\/\" target=\"_blank\">\n\t\t\t\t\t\t\t\t\t\t<i class=\"hb-moon-linkedin\"><\/i>\n\t\t\t\t\t\t\t\t\t\t<i class=\"hb-moon-linkedin\"><\/i>\n\t\t\t\t\t\t\t\t\t<\/a>\n\t\t\t\t\t\t\t\t\n\t\t\t\t\t\t\t<\/li>\n\n\t\t\t\t\t\t\n\t\t\t\t\t\t\t\n\t\t\t\t\t\t\t\n\t\t\t\t\t\t\t\n\t\t\t\t\t\t\t\n\t\t\t\t\t\t\t\n\t\t\t\t\t\t\t\n\t\t\t\t\t\t\t\n\t\t\t\t\t\t\t\n\t\t\t\t\t\t\t\n\t\t\t\t\t\t\t\n\t\t\t\t\t\t\t\n\t\t\t\t\t\t\t\n\t\t\t\t\t\t\t\n\t\t\t\t\t\t\t\n\t\t\t\t\t\t\t\n\t\t\t\t\t\t\t\n\t\t\t\t\t\t\t\n\t\t\t\t\t\t\t\n\t\t\t\t\t\t\t\n\t\t\t\t\t\t\t\n\t\t\t\t\t\t\t\n\t\t\t\t\t\t\t\n\t\t\t\t\t\t\t\n\t\t\t\t\t\t\t\t\t\t\t\t<\/ul>\n\t\t\t\t\t\n\t\t\t\t\t\t\t<\/div><!-- END .team-member-img -->\n\t\t\t\t\t\t\t\t\t\t\n\t\t\t<div class=\"team-member-description\">\n\n\t\t\t\t<div class=\"team-header-info clearfix\">\n\n\t\t\t\t\t<div class=\"team-name\">\n\t\t\t\t\t\t<h4 class=\"team-member-name\"><a href=\"https:\/\/upliftingwomenbymga.com\/es\/https:\/upliftingwomenbymga.com\/team\/john-doe\/\">Maria Gabriela Arguello<\/a><\/h4>\n\n\t\t\t\t\t\t\t\t\t\t\t\t\t<p class=\"team-position\">Fundadora <\/p>\n\t\t\t\t\t\t\t\t\t\t\t<\/div><!-- END .team-name -->\n\t\t\t\t\t\t\t\t\t\t\t\t\n\t\t\t\t\t\t\t\t\t\t\t\t\n\t\t\t\t<\/div><!-- END .team-header-info -->\n\n\t\t\t\t\n\t\t\t\t\t<div class=\"spacer\" style=\"height:10px;\"><\/div>\n\t\t\t\t\t<div class=\"team-member-content\">\n\t\t\t\t\t\t<div class=\"spacer\" style=\"height:15px;\"><\/div><p class=\"nbm\">Mar\u00eda Gabriela tiene m\u00e1s de 15 a\u00f1os de experiencia liderando iniciativas en diferentes industrias en los EE. UU. y Am\u00e9rica Latina, lo que le ha dado la oportunidad de aprender desde diversas perspectivas e integrar esos aprendizajes en cada espacio del que forma parte. Desde consultor\u00eda del gobierno de EE. UU., dise\u00f1o y liderazgo de programas de protecci\u00f3n social que ayudaron a familias de bajos ingresos a lograr la autosuficiencia a largo plazo, hasta consultor\u00eda de gesti\u00f3n con empresas de desarrollo internacionales que construyen estrategias y asociaciones, hasta ser parte del liderazgo de organizaciones sin fines de lucro que transforman las comunidades locales. Ocupa roles de liderazgo en redes regionales e internacionales que le permiten, como fundadora, conectarse, aprender, contribuir y tejer colaboraciones con seres humanos impulsados por una misi\u00f3n en todo el mundo. Como parte de ellos, ha organizado conversatorios globales que elevan las perspectivas y experiencias de las mujeres. Liderando Uplifting Women by MGA, busca inspirar a otros a querer tener un impacto social en sus sociedades al reducir la desigualdad y las brechas de pobreza a trav\u00e9s de espacios que faciliten la construcci\u00f3n de culturas socialmente conscientes. Tiene un posgrado en Negocios Internacionales de la Universidad Americana, un certificado en Emprendimiento de Mujeres de la Universidad de Cornell y una licenciatura en Comunicaci\u00f3n y Cultura, menci\u00f3n en Educaci\u00f3n y maestr\u00eda en Administraci\u00f3n P\u00fablica de la Universidad de Clark.<\/p>\t\t\t\t\t<\/div><!-- END .team-member-content -->\n\t\t\t\t\n\t\t\t\t<a class=\"simple-read-more\" href=\"https:\/\/upliftingwomenbymga.com\/es\/https:\/upliftingwomenbymga.com\/team\/john-doe\/\" target=\"_self\">View Profile<\/a>\n\t\t\t<\/div><!-- END .team-member-description -->\t\n\n\t\t<\/div><!-- END .team-member-box -->\n\n\t\t<\/figure><\/div><\/div><\/div><\/div><\/div><\/div><style type=\"text\/css\">.highend_vc_custom_1422898772347{background-color: #f3f5f7;}<\/style><\/div><\/div><\/div><div class=\"vc_row-full-width vc_clearfix\"><\/div><div class=\"vc_row element-row row highend_69ea5e5a681a8\"><div class=\"wpb_column vc_column_container vc_col-sm-12\"><div class=\"vc_column-inner\"><div class=\"wpb_wrapper\"><div class=\"vc_separator wpb_content_element vc_separator_align_center vc_sep_width_100 vc_sep_pos_align_center vc_separator_no_text vc_sep_color_grey wpb_content_element  wpb_content_element\" ><span class=\"vc_sep_holder vc_sep_holder_l\"><span class=\"vc_sep_line\"><\/span><\/span><span class=\"vc_sep_holder vc_sep_holder_r\"><span class=\"vc_sep_line\"><\/span><\/span>\n<\/div><\/div><\/div><\/div><\/div>\n<\/div>","protected":false},"excerpt":{"rendered":"Maria Gabriela has 15 + years of experience leading initiatives in different industries across the US and Latin America, given her the opportunity to learn from diverse perspectives and integrate those learnings in each space she become part of. From US government consulting, designing and leading social protection programs that helped low-income families achieve long-term [...]","protected":false},"author":1,"featured_media":0,"parent":0,"menu_order":0,"comment_status":"open","ping_status":"open","template":"","meta":{"nf_dc_page":"","footnotes":""},"class_list":["post-1049","page","type-page","status-publish","hentry"],"jetpack_sharing_enabled":true,"jetpack_likes_enabled":true,"_links":{"self":[{"href":"https:\/\/upliftingwomenbymga.com\/es\/wp-json\/wp\/v2\/pages\/1049","targetHints":{"allow":["GET"]}}],"collection":[{"href":"https:\/\/upliftingwomenbymga.com\/es\/wp-json\/wp\/v2\/pages"}],"about":[{"href":"https:\/\/upliftingwomenbymga.com\/es\/wp-json\/wp\/v2\/types\/page"}],"author":[{"embeddable":true,"href":"https:\/\/upliftingwomenbymga.com\/es\/wp-json\/wp\/v2\/users\/1"}],"replies":[{"embeddable":true,"href":"https:\/\/upliftingwomenbymga.com\/es\/wp-json\/wp\/v2\/comments?post=1049"}],"version-history":[{"count":5,"href":"https:\/\/upliftingwomenbymga.com\/es\/wp-json\/wp\/v2\/pages\/1049\/revisions"}],"predecessor-version":[{"id":1528,"href":"https:\/\/upliftingwomenbymga.com\/es\/wp-json\/wp\/v2\/pages\/1049\/revisions\/1528"}],"wp:attachment":[{"href":"https:\/\/upliftingwomenbymga.com\/es\/wp-json\/wp\/v2\/media?parent=1049"}],"curies":[{"name":"wp","href":"https:\/\/api.w.org\/{rel}","templated":true}]}}