{"id":1257,"date":"2021-03-24T03:52:02","date_gmt":"2021-03-24T03:52:02","guid":{"rendered":"https:\/\/upliftingwomenbymga.com\/?page_id=1257"},"modified":"2021-10-27T22:11:19","modified_gmt":"2021-10-27T22:11:19","slug":"local-organization-join","status":"publish","type":"page","link":"https:\/\/upliftingwomenbymga.com\/es\/local-organization-join\/","title":{"rendered":"Join US"},"content":{"rendered":"<div class=\"wpb-content-wrapper\"><div data-vc-full-width=\"true\" data-vc-full-width-init=\"false\" class=\"vc_row element-row row vc_custom_1616369503603 highend_vc_custom_1616369503603 hb-animate-element hb-scale-down\"><div class=\"fw-content-wrap\"><div class=\"vc_row\"><div class=\"wpb_column vc_column_container vc_col-sm-12\"><div class=\"vc_column-inner vc_custom_1422289786621\"><div class=\"wpb_wrapper\"><div class=\"shortcode-wrapper shortcode-title clearfix\"><h3 style=\"color:#dd99da!important;border-color:#dd99da\" class=\"modern aligncenter\">FORMA PARTE DE NUESTRA COMUNIDAD<span style=\"color:#dd99da!important;border-color:#dd99da\" class=\"bottom-line\"><\/span><\/h3><\/div><div class=\"shortcode-wrapper shortcode-spacer clearfix\"><div class=\"spacer\" style=\"height:20px;\"><\/div><\/div><h4 style=\"font-size: 18px;color: #444444;line-height: 30px;text-align: center;font-family:Raleway;font-weight:300;font-style:normal\" class=\"vc_custom_heading\" >Creemos que al contribuir a elevar la situaci\u00f3n econ\u00f3mica de la mujer, honramos su dignidad humana y tambi\u00e9n facilitamos el papel de la mujer como agente del cambio social y econ\u00f3mico.<\/h4><div class=\"vc_separator wpb_content_element vc_separator_align_center vc_sep_width_100 vc_sep_pos_align_center vc_separator_no_text vc_sep_color_grey wpb_content_element  wpb_content_element\" ><span class=\"vc_sep_holder vc_sep_holder_l\"><span class=\"vc_sep_line\"><\/span><\/span><span class=\"vc_sep_holder vc_sep_holder_r\"><span class=\"vc_sep_line\"><\/span><\/span>\n<\/div><div class=\"shortcode-wrapper shortcode-title clearfix\"><h6 style=\"color:#dd99da!important;border-color:#dd99da\" class=\"aligncenter\">\u00bfC\u00d3MO AYUDAMOS?<\/h6><\/div><div class=\"shortcode-wrapper shortcode-title clearfix\"><h4 style=\"color:#222222!important;border-color:#222222\" class=\"modern aligncenter\">SERVICIOS<span style=\"color:#222222!important;border-color:#222222\" class=\"bottom-line\"><\/span><\/h4><\/div><\/div><\/div><\/div><\/div><\/div><\/div><div class=\"vc_row-full-width vc_clearfix\"><\/div><div class=\"vc_row element-row row vc_custom_1616368767879 highend_vc_custom_1616368767879 hb-animate-element hb-bottom-to-top\"><div class=\"wpb_column vc_column_container vc_col-sm-4\"><div class=\"vc_column-inner\"><div class=\"wpb_wrapper\"><div class=\"vc_icon_element vc_icon_element-outer vc_do_icon wpb_animate_when_almost_visible wpb_appear appear vc_icon_element-align-center\"><div class=\"vc_icon_element-inner vc_icon_element-color-custom vc_icon_element-size-xl vc_icon_element-style- vc_icon_element-background-color-grey\" ><span class=\"vc_icon_element-icon fab fa-ravelry\" style=\"color:#dd99da !important\"><\/span><\/div><\/div><h5 style=\"text-align: center;font-family:Raleway;font-weight:800;font-style:normal\" class=\"vc_custom_heading vc_custom_1616556128554\" >TE DAMOS VISIBILIDAD<\/h5>\n\t<div class=\"wpb_text_column wpb_content_element vc_custom_1617819081246\" >\n\t\t<div class=\"wpb_wrapper\">\n\t\t\t<p style=\"text-align: center;\">Te habilitamos un espacio para que exhibas tu trabajo e impacto al mundo.<\/p>\n\n\t\t<\/div>\n\t<\/div>\n<\/div><\/div><\/div><div class=\"wpb_column vc_column_container vc_col-sm-4\"><div class=\"vc_column-inner\"><div class=\"wpb_wrapper\"><div class=\"vc_icon_element vc_icon_element-outer vc_do_icon wpb_animate_when_almost_visible wpb_appear appear vc_icon_element-align-center\"><div class=\"vc_icon_element-inner vc_icon_element-color-custom vc_icon_element-size-xl vc_icon_element-style- vc_icon_element-background-color-grey\" ><span class=\"vc_icon_element-icon fab fa-joomla\" style=\"color:#dd99da !important\"><\/span><\/div><\/div><h5 style=\"text-align: center;font-family:Raleway;font-weight:800;font-style:normal\" class=\"vc_custom_heading vc_custom_1616556161886\" >FACILITAMOS OPORTUNIDADES<\/h5>\n\t<div class=\"wpb_text_column wpb_content_element vc_custom_1635371496128\" >\n\t\t<div class=\"wpb_wrapper\">\n\t\t\t<p style=\"text-align: center;\">Te ayudamos a match tus necesidades con los servicios de otras organizaciones.<\/p>\n\n\t\t<\/div>\n\t<\/div>\n<\/div><\/div><\/div><div class=\"wpb_column vc_column_container vc_col-sm-4\"><div class=\"vc_column-inner\"><div class=\"wpb_wrapper\"><div class=\"vc_icon_element vc_icon_element-outer vc_do_icon wpb_animate_when_almost_visible wpb_appear appear vc_icon_element-align-center\"><div class=\"vc_icon_element-inner vc_icon_element-color-custom vc_icon_element-size-xl vc_icon_element-style- vc_icon_element-background-color-grey\" ><span class=\"vc_icon_element-icon fab fa-connectdevelop\" style=\"color:#dd99da !important\"><\/span><\/div><\/div><h5 style=\"text-align: center;font-family:Raleway;font-weight:800;font-style:normal\" class=\"vc_custom_heading vc_custom_1616556178558\" >CONSTRUIMOS RELACIONES<\/h5>\n\t<div class=\"wpb_text_column wpb_content_element vc_custom_1635371620362\" >\n\t\t<div class=\"wpb_wrapper\">\n\t\t\t<p style=\"text-align: center;\">Te ayudamos a construir relaciones con otras organizaciones.<\/p>\n\n\t\t<\/div>\n\t<\/div>\n<\/div><\/div><\/div><div class=\"wpb_column vc_column_container vc_col-sm-12\"><div class=\"vc_column-inner\"><div class=\"wpb_wrapper\"><div class=\"vc_separator wpb_content_element vc_separator_align_center vc_sep_width_100 vc_sep_pos_align_center vc_separator_no_text vc_sep_color_grey wpb_content_element  wpb_content_element\" ><span class=\"vc_sep_holder vc_sep_holder_l\"><span class=\"vc_sep_line\"><\/span><\/span><span class=\"vc_sep_holder vc_sep_holder_r\"><span class=\"vc_sep_line\"><\/span><\/span>\n<\/div><div class=\"shortcode-wrapper shortcode-title clearfix\"><h6 style=\"color:#dd99da!important;border-color:#dd99da\" class=\"aligncenter\">\u00bfC\u00d3MO UNIRTE A NUESTRA COMUNIDAD?<\/h6><\/div><div class=\"shortcode-wrapper shortcode-title clearfix\"><h4 style=\"color:#222222!important;border-color:#222222\" class=\"modern aligncenter\">EL PROCESO<span style=\"color:#222222!important;border-color:#222222\" class=\"bottom-line\"><\/span><\/h4><\/div><div class=\"hb-box-frame\"><span><a href=\"https:\/\/i0.wp.com\/upliftingwomenbymga.com\/wp-content\/uploads\/2021\/10\/Screen-Shot-2021-10-27-at-18.08.52-e1635372654363.png?fit=1000%2C441&ssl=1\" rel=\"prettyPhoto\" data-title=\"\"><img loading=\"lazy\" decoding=\"async\" src=\"https:\/\/i0.wp.com\/upliftingwomenbymga.com\/wp-content\/uploads\/2021\/10\/Screen-Shot-2021-10-27-at-18.08.52-e1635372654363.png?fit=1000%2C441&ssl=1\" width=\"1000\" height=\"441\" alt=\"Image\"\/><div class=\"overlay\"><div class=\"plus-sign\"><\/div><\/div><\/a><\/span><\/div><div class=\"vc_separator wpb_content_element vc_separator_align_center vc_sep_width_100 vc_sep_pos_align_center vc_separator_no_text vc_sep_color_grey wpb_content_element  wpb_content_element\" ><span class=\"vc_sep_holder vc_sep_holder_l\"><span class=\"vc_sep_line\"><\/span><\/span><span class=\"vc_sep_holder vc_sep_holder_r\"><span class=\"vc_sep_line\"><\/span><\/span>\n<\/div><\/div><\/div><\/div><\/div><div data-vc-full-width=\"true\" data-vc-full-width-init=\"false\" data-vc-stretch-content=\"true\" class=\"vc_row element-row row hb-text-center vc_custom_1422460596579 highend_vc_custom_1422460596579 vc_row-no-padding hb-animate-element hb-bottom-to-top\"><div class=\"wpb_column vc_column_container vc_col-sm-12 vc_col-has-fill\"><div class=\"vc_column-inner vc_custom_1419007466725\"><div class=\"wpb_wrapper\"><div class=\"shortcode-wrapper shortcode-title clearfix hb-inline-block\"><h3 style=\"color:#ffffff!important;border-color:#ffffff\" class=\"aligncenter\">\u00bfQuieres ser parte de esta comunidad?<\/h3><\/div><div class=\"vc_separator wpb_content_element vc_separator_align_center vc_sep_width_100 vc_sep_pos_align_center vc_separator_no_text vc_sep_color_grey wpb_content_element  wpb_content_element\" ><span class=\"vc_sep_holder vc_sep_holder_l\"><span class=\"vc_sep_line\"><\/span><\/span><span class=\"vc_sep_holder vc_sep_holder_r\"><span class=\"vc_sep_line\"><\/span><\/span>\n<\/div><div class=\"hb-inline-block hb-custom-button\"><a href=\"https:\/\/upliftingwomenbymga.com\/contact-us\/\" class=\"hb-button hb-default hb-large-button no-three-d\" target=\"_self\" style=\"-webkit-border-radius: 4px;-moz-border-radius: 4px;border-radius: 4px;\">CONTACTANOS<\/a><\/div><\/div><\/div><\/div><style type=\"text\/css\">.highend_vc_custom_1422460596579{background-color: #36383d;}<\/style><\/div><div class=\"vc_row-full-width vc_clearfix\"><\/div><div class=\"vc_row element-row row highend_69ea8e7e48bce\"><div class=\"wpb_column vc_column_container vc_col-sm-12\"><div class=\"vc_column-inner\"><div class=\"wpb_wrapper\"><\/div><\/div><\/div><\/div><div class=\"vc_row element-row row highend_69ea8e7e48cd9\"><div class=\"wpb_column vc_column_container vc_col-sm-12\"><div class=\"vc_column-inner\"><div class=\"wpb_wrapper\"><\/div><\/div><\/div><\/div><div class=\"vc_row element-row row highend_69ea8e7e48d55\"><div class=\"wpb_column vc_column_container vc_col-sm-12\"><div class=\"vc_column-inner\"><div class=\"wpb_wrapper\"><\/div><\/div><\/div><\/div>\n<\/div>","protected":false},"excerpt":{"rendered":"JOIN OUR COMMUNITYWe believe that by contributing to women\u2019s economic uplifting we honor their human dignity and also enable women\u2019s role as agents of social and economic change. HOW WE HELPSERVICESGIVE YOU VISIBILITY We enable a space to showcase your work and impact to the world. FIND OPPORTUNITIES FOR YOU We help you match your [...]","protected":false},"author":3,"featured_media":0,"parent":0,"menu_order":0,"comment_status":"open","ping_status":"closed","template":"","meta":{"nf_dc_page":"","footnotes":""},"class_list":["post-1257","page","type-page","status-publish","hentry"],"jetpack_sharing_enabled":true,"jetpack_likes_enabled":true,"_links":{"self":[{"href":"https:\/\/upliftingwomenbymga.com\/es\/wp-json\/wp\/v2\/pages\/1257","targetHints":{"allow":["GET"]}}],"collection":[{"href":"https:\/\/upliftingwomenbymga.com\/es\/wp-json\/wp\/v2\/pages"}],"about":[{"href":"https:\/\/upliftingwomenbymga.com\/es\/wp-json\/wp\/v2\/types\/page"}],"author":[{"embeddable":true,"href":"https:\/\/upliftingwomenbymga.com\/es\/wp-json\/wp\/v2\/users\/3"}],"replies":[{"embeddable":true,"href":"https:\/\/upliftingwomenbymga.com\/es\/wp-json\/wp\/v2\/comments?post=1257"}],"version-history":[{"count":5,"href":"https:\/\/upliftingwomenbymga.com\/es\/wp-json\/wp\/v2\/pages\/1257\/revisions"}],"predecessor-version":[{"id":1530,"href":"https:\/\/upliftingwomenbymga.com\/es\/wp-json\/wp\/v2\/pages\/1257\/revisions\/1530"}],"wp:attachment":[{"href":"https:\/\/upliftingwomenbymga.com\/es\/wp-json\/wp\/v2\/media?parent=1257"}],"curies":[{"name":"wp","href":"https:\/\/api.w.org\/{rel}","templated":true}]}}