{"id":2023,"date":"2024-04-08T21:02:56","date_gmt":"2024-04-08T21:02:56","guid":{"rendered":"https:\/\/upliftingwomenbymga.com\/?page_id=2023"},"modified":"2024-05-27T07:00:00","modified_gmt":"2024-05-27T07:00:00","slug":"match-connect","status":"publish","type":"page","link":"https:\/\/upliftingwomenbymga.com\/es\/match-connect\/","title":{"rendered":"TESTIMONIOS"},"content":{"rendered":"<div class=\"wpb-content-wrapper\"><div data-vc-full-width=\"true\" data-vc-full-width-init=\"false\" class=\"vc_row element-row row vc_custom_1616369503603 highend_vc_custom_1616369503603 hb-animate-element hb-scale-down\"><div class=\"fw-content-wrap\"><div class=\"vc_row\"><div class=\"wpb_column vc_column_container vc_col-sm-12\"><div class=\"vc_column-inner vc_custom_1422289786621\"><div class=\"wpb_wrapper\"><div class=\"shortcode-wrapper shortcode-title clearfix\"><h3 style=\"color:#dd99da!important;border-color:#dd99da\" class=\"modern aligncenter\">TESTIMONIOS<br \/>\n<span style=\"color:#dd99da!important;border-color:#dd99da\" class=\"bottom-line\"><\/span><\/h3><\/div><\/div><\/div><\/div><\/div><\/div><\/div><div class=\"vc_row-full-width vc_clearfix\"><\/div><div data-vc-parallax=\"1.5\" data-vc-full-width=\"true\" data-vc-full-width-init=\"false\" class=\"vc_row element-row row vc_custom_1422460754613 vc_row-has-fill vc_general vc_parallax vc_parallax-yes highend_vc_custom_1422460754613 hb-animate-element hb-bottom-to-top js-vc_parallax-o-fixed\"><div class=\"fw-content-wrap\"><div class=\"vc_row\"><div class=\"wpb_column vc_column_container vc_col-sm-12\"><div class=\"vc_column-inner vc_custom_1422451703540\"><div class=\"wpb_wrapper\"><\/div><\/div><\/div><\/div><\/div><\/div><div class=\"vc_row-full-width vc_clearfix\"><\/div><div data-vc-full-width=\"true\" data-vc-full-width-init=\"false\" data-vc-stretch-content=\"true\" class=\"vc_row element-row row vc_custom_1422460745063 highend_vc_custom_1422460745063 vc_row-no-padding hb-animate-element hb-bottom-to-top\"><div class=\"wpb_column vc_column_container vc_col-sm-12\"><div class=\"vc_column-inner vc_custom_1422451703540\"><div class=\"wpb_wrapper\"><div class=\"shortcode-wrapper shortcode-testimonial-slider testimonial-slider-wrapper\"><div id=\"hb-testimonial-4404\" class=\"ts-1 init-testimonial-slider\" data-slideshow-speed=\"20000\"><ul class=\"testimonial-slider\"><li class=\"hb-testimonial-box\">\t\t\n\t\t<div class=\"hb-testimonial\">\n\t\t\t<p>&nbsp;<\/p>\n<p><a href=\"https:\/\/upliftingwomenbymga.com\/https:\/upliftingwomenbymga.com\/portfolio\/ada-itw\/ada-banner\/\" rel=\"attachment wp-att-2004\"><img data-recalc-dims=\"1\" loading=\"lazy\" decoding=\"async\" class=\"alignleft size-full wp-image-2004\" src=\"https:\/\/i0.wp.com\/upliftingwomenbymga.com\/wp-content\/uploads\/2024\/01\/ADA-banner.jpg?resize=1200%2C400\" alt=\"\" width=\"1200\" height=\"400\" srcset=\"https:\/\/i0.wp.com\/upliftingwomenbymga.com\/wp-content\/uploads\/2024\/01\/ADA-banner.jpg?w=1200&amp;ssl=1 1200w, https:\/\/i0.wp.com\/upliftingwomenbymga.com\/wp-content\/uploads\/2024\/01\/ADA-banner.jpg?resize=300%2C100&amp;ssl=1 300w, https:\/\/i0.wp.com\/upliftingwomenbymga.com\/wp-content\/uploads\/2024\/01\/ADA-banner.jpg?resize=1024%2C341&amp;ssl=1 1024w, https:\/\/i0.wp.com\/upliftingwomenbymga.com\/wp-content\/uploads\/2024\/01\/ADA-banner.jpg?resize=768%2C256&amp;ssl=1 768w, https:\/\/i0.wp.com\/upliftingwomenbymga.com\/wp-content\/uploads\/2024\/01\/ADA-banner.jpg?resize=18%2C6&amp;ssl=1 18w\" sizes=\"auto, (max-width: 1000px) 100vw, 1000px\" \/><\/a><\/p>\n<p>&nbsp;<\/p>\n<p>&nbsp;<\/p>\n<p>&nbsp;<\/p>\n<p>&nbsp;<\/p>\n<p><a href=\"https:\/\/upliftingwomenbymga.com\/portada-nicawomantech-3\/\" rel=\"attachment wp-att-2013\"><img data-recalc-dims=\"1\" loading=\"lazy\" decoding=\"async\" class=\"alignleft size-full wp-image-2013\" src=\"https:\/\/i0.wp.com\/upliftingwomenbymga.com\/wp-content\/uploads\/2024\/04\/Portada-Nicawomantech.png?resize=1640%2C924\" alt=\"\" width=\"1640\" height=\"924\" srcset=\"https:\/\/i0.wp.com\/upliftingwomenbymga.com\/wp-content\/uploads\/2024\/04\/Portada-Nicawomantech.png?w=1640&amp;ssl=1 1640w, https:\/\/i0.wp.com\/upliftingwomenbymga.com\/wp-content\/uploads\/2024\/04\/Portada-Nicawomantech.png?resize=300%2C169&amp;ssl=1 300w, https:\/\/i0.wp.com\/upliftingwomenbymga.com\/wp-content\/uploads\/2024\/04\/Portada-Nicawomantech.png?resize=1024%2C577&amp;ssl=1 1024w, https:\/\/i0.wp.com\/upliftingwomenbymga.com\/wp-content\/uploads\/2024\/04\/Portada-Nicawomantech.png?resize=768%2C433&amp;ssl=1 768w, https:\/\/i0.wp.com\/upliftingwomenbymga.com\/wp-content\/uploads\/2024\/04\/Portada-Nicawomantech.png?resize=1536%2C865&amp;ssl=1 1536w, https:\/\/i0.wp.com\/upliftingwomenbymga.com\/wp-content\/uploads\/2024\/04\/Portada-Nicawomantech.png?resize=18%2C10&amp;ssl=1 18w\" sizes=\"auto, (max-width: 1000px) 100vw, 1000px\" \/><\/a><\/p>\n<p>ADA est\u00e1 otorgando 5 becas para distribuir entre las participantes de NicaWomanTech en el 2do Tech Camp para Mujeres que realizaremos en abril donde las beneficiarias podr\u00e1n elegir entre las carreras de desarrollo back-end y desarrollo front-end. Nicawomantech desarrollar\u00e1 contenido sobre ADA y su fundador y programaremos charlas tecnol\u00f3gicas en vivo.<\/p>\n<p>Esta es una gran oportunidad para brindarles a las mujeres nicarag\u00fcenses que participan en el campamento la posibilidad de desarrollar una carrera que les permita proyectarse profesionalmente en el mundo tecnol\u00f3gico. En Nicawomantech estamos muy emocionados por este gran apoyo y esperamos que este sea un primer paso en una alianza de largo plazo.<\/p>\n\t\t<\/div>\n\t\t\t\t\t\t\t\n\t\t<img data-recalc-dims=\"1\" loading=\"lazy\" decoding=\"async\" src=\"https:\/\/i0.wp.com\/upliftingwomenbymga.com\/wp-content\/uploads\/2024\/04\/Author-NicaWomanTech-60x60.jpg?resize=60%2C60&#038;ssl=1\" width=\"60\" height=\"60\" class=\"testimonial-author-img\"\/><div class=\"testimonial-author\"><h5 class=\"testimonial-author-name\">Lucia Morales DeFranco<\/h5><a class=\"testimonial-company\" href=\"https:\/\/nicawomantech.com\/\">Fundadora y Directora NicaWomanTech<\/a><\/div><\/li><li class=\"hb-testimonial-box\">\t\t\n\t\t<div class=\"hb-testimonial\">\n\t\t\t<p><a href=\"https:\/\/upliftingwomenbymga.com\/logo-makaia-en-alta-2\/\" rel=\"attachment wp-att-1969\"><img data-recalc-dims=\"1\" loading=\"lazy\" decoding=\"async\" class=\"alignleft size-full wp-image-1969\" src=\"https:\/\/i0.wp.com\/upliftingwomenbymga.com\/wp-content\/uploads\/2023\/09\/LOGO-MAKAIA-EN-ALTA-1.png?resize=1620%2C733\" alt=\"\" width=\"1620\" height=\"733\" srcset=\"https:\/\/i0.wp.com\/upliftingwomenbymga.com\/wp-content\/uploads\/2023\/09\/LOGO-MAKAIA-EN-ALTA-1.png?w=1620&amp;ssl=1 1620w, https:\/\/i0.wp.com\/upliftingwomenbymga.com\/wp-content\/uploads\/2023\/09\/LOGO-MAKAIA-EN-ALTA-1.png?resize=300%2C136&amp;ssl=1 300w, https:\/\/i0.wp.com\/upliftingwomenbymga.com\/wp-content\/uploads\/2023\/09\/LOGO-MAKAIA-EN-ALTA-1.png?resize=1024%2C463&amp;ssl=1 1024w, https:\/\/i0.wp.com\/upliftingwomenbymga.com\/wp-content\/uploads\/2023\/09\/LOGO-MAKAIA-EN-ALTA-1.png?resize=768%2C347&amp;ssl=1 768w, https:\/\/i0.wp.com\/upliftingwomenbymga.com\/wp-content\/uploads\/2023\/09\/LOGO-MAKAIA-EN-ALTA-1.png?resize=1536%2C695&amp;ssl=1 1536w, https:\/\/i0.wp.com\/upliftingwomenbymga.com\/wp-content\/uploads\/2023\/09\/LOGO-MAKAIA-EN-ALTA-1.png?resize=18%2C8&amp;ssl=1 18w\" sizes=\"auto, (max-width: 1000px) 100vw, 1000px\" \/><\/a><\/p>\n<p>&nbsp;<\/p>\n<blockquote><p>Gracias a la colaboraci\u00f3n y el trabajo articulado de la plataforma Uplifting Women by MGA hemos tenido la oportunidad de conocer otras organizaciones en Am\u00e9rica Latina, en trabajar y participar en diferentes espacios donde hemos promovido la importancia del trabajo en red, en colaboraci\u00f3n a nivel regional.<\/p><\/blockquote>\n\t\t<\/div>\n\t\t\t\t\t\t\t\n\t\t<img data-recalc-dims=\"1\" loading=\"lazy\" decoding=\"async\" src=\"https:\/\/i0.wp.com\/upliftingwomenbymga.com\/wp-content\/uploads\/2023\/09\/Makia-Nodoka-Platform-Testimonial-profile-picture-1-60x60.jpg?resize=60%2C60&#038;ssl=1\" width=\"60\" height=\"60\" class=\"testimonial-author-img\"\/><div class=\"testimonial-author\"><h5 class=\"testimonial-author-name\">Juan Hurtado<\/h5><a class=\"testimonial-company\" href=\"https:\/\/www.nodoka.co\/\">Juan Hurtado, Coordinador de plataforma Nodoka en Makaia<\/a><\/div><\/li><\/ul><\/div><\/div>\n\t<div class=\"wpb_text_column wpb_content_element\" >\n\t\t<div class=\"wpb_wrapper\">\n\t\t\t\n\t\t<\/div>\n\t<\/div>\n\n\t<div class=\"wpb_gallery wpb_posts_slider wpb_content_element wpb_content_element\" id=\"1\">\n\t\t<div class=\"wpb_wrapper\">\n\t\t\t\n\t\t\t<div class=\"wpb_gallery_slides wpb_flexslider flexslider_fade flexslider\" data-interval=\"3\" data-flex_fx=\"fade\">No se ha encontrado nada.<\/div>\n\t\t<\/div>\n\t<\/div>\n<\/div><\/div><\/div><\/div><div class=\"vc_row-full-width vc_clearfix\"><\/div><div data-vc-full-width=\"true\" data-vc-full-width-init=\"false\" data-vc-stretch-content=\"true\" class=\"vc_row element-row row hb-text-center vc_custom_1422460596579 highend_vc_custom_1422460596579 vc_row-no-padding hb-animate-element hb-bottom-to-top\"><div class=\"wpb_column vc_column_container vc_col-sm-12 vc_col-has-fill\"><div class=\"vc_column-inner vc_custom_1419007466725\"><div class=\"wpb_wrapper\"><div class=\"shortcode-wrapper shortcode-title clearfix hb-inline-block\"><h3 style=\"color:#ffffff!important;border-color:#ffffff\" class=\"aligncenter\"><\/h3><\/div><div class=\"vc_separator wpb_content_element vc_separator_align_center vc_sep_width_100 vc_sep_pos_align_center vc_separator_no_text vc_sep_color_grey wpb_content_element  wpb_content_element\" ><span class=\"vc_sep_holder vc_sep_holder_l\"><span class=\"vc_sep_line\"><\/span><\/span><span class=\"vc_sep_holder vc_sep_holder_r\"><span class=\"vc_sep_line\"><\/span><\/span>\n<\/div><div class=\"hb-inline-block hb-custom-button\"><a href=\"https:\/\/upliftingwomenbymga.com\/contact-us\/\" class=\"hb-button hb-default hb-large-button no-three-d\" target=\"_self\" style=\"-webkit-border-radius: 4px;-moz-border-radius: 4px;border-radius: 4px;\">Contactanos<\/a><\/div><\/div><\/div><\/div><style type=\"text\/css\">.highend_vc_custom_1422460596579{background-color: #36383d;}<\/style><\/div><div class=\"vc_row-full-width vc_clearfix\"><\/div><div class=\"vc_row element-row row highend_69ea47898dcc6\"><div class=\"wpb_column vc_column_container vc_col-sm-12\"><div class=\"vc_column-inner\"><div class=\"wpb_wrapper\"><\/div><\/div><\/div><\/div><div class=\"vc_row element-row row highend_69ea47898dd52\"><div class=\"wpb_column vc_column_container vc_col-sm-12\"><div class=\"vc_column-inner\"><div class=\"wpb_wrapper\"><\/div><\/div><\/div><\/div>\n<\/div>","protected":false},"excerpt":{"rendered":"&nbsp; Gracias a la colaboraci\u00f3n y el trabajo articulado de la plataforma Uplifting Women by MGA hemos tenido la oportunidad de conocer otras organizaciones en Am\u00e9rica Latina, en trabajar y participar en diferentes espacios donde hemos promovido la importancia del trabajo en red, en colaboraci\u00f3n a nivel regional.","protected":false},"author":1,"featured_media":0,"parent":0,"menu_order":0,"comment_status":"open","ping_status":"open","template":"","meta":{"nf_dc_page":"","footnotes":""},"class_list":["post-2023","page","type-page","status-publish","hentry"],"jetpack_sharing_enabled":true,"jetpack_likes_enabled":true,"_links":{"self":[{"href":"https:\/\/upliftingwomenbymga.com\/es\/wp-json\/wp\/v2\/pages\/2023","targetHints":{"allow":["GET"]}}],"collection":[{"href":"https:\/\/upliftingwomenbymga.com\/es\/wp-json\/wp\/v2\/pages"}],"about":[{"href":"https:\/\/upliftingwomenbymga.com\/es\/wp-json\/wp\/v2\/types\/page"}],"author":[{"embeddable":true,"href":"https:\/\/upliftingwomenbymga.com\/es\/wp-json\/wp\/v2\/users\/1"}],"replies":[{"embeddable":true,"href":"https:\/\/upliftingwomenbymga.com\/es\/wp-json\/wp\/v2\/comments?post=2023"}],"version-history":[{"count":5,"href":"https:\/\/upliftingwomenbymga.com\/es\/wp-json\/wp\/v2\/pages\/2023\/revisions"}],"predecessor-version":[{"id":2145,"href":"https:\/\/upliftingwomenbymga.com\/es\/wp-json\/wp\/v2\/pages\/2023\/revisions\/2145"}],"wp:attachment":[{"href":"https:\/\/upliftingwomenbymga.com\/es\/wp-json\/wp\/v2\/media?parent=2023"}],"curies":[{"name":"wp","href":"https:\/\/api.w.org\/{rel}","templated":true}]}}